{"id":8645,"date":"2025-03-06T16:38:54","date_gmt":"2025-03-06T15:38:54","guid":{"rendered":"https:\/\/www.igranecosmetics.com\/legal-notices\/"},"modified":"2025-03-10T13:04:08","modified_gmt":"2025-03-10T12:04:08","slug":"legal-notices","status":"publish","type":"page","link":"https:\/\/www.igranecosmetics.com\/en\/legal-notices\/","title":{"rendered":"Legal notices"},"content":{"rendered":"\t\t<div data-elementor-type=\"wp-page\" data-elementor-id=\"8645\" class=\"elementor elementor-8645 elementor-1544\" data-elementor-post-type=\"page\">\n\t\t\t\t<div class=\"elementor-element elementor-element-c3eca01 e-flex e-con-boxed e-con e-parent\" data-id=\"c3eca01\" data-element_type=\"container\" data-e-type=\"container\" data-settings=\"{&quot;background_background&quot;:&quot;classic&quot;}\">\n\t\t\t\t\t<div class=\"e-con-inner\">\n\t\t<div class=\"elementor-element elementor-element-1634fbc e-con-full e-flex e-con e-child\" data-id=\"1634fbc\" data-element_type=\"container\" data-e-type=\"container\">\n\t\t\t\t<div class=\"elementor-element elementor-element-6f61dd7 elementor-widget elementor-widget-heading\" data-id=\"6f61dd7\" data-element_type=\"widget\" data-e-type=\"widget\" data-widget_type=\"heading.default\">\n\t\t\t\t<div class=\"elementor-widget-container\">\n\t\t\t\t\t<h2 class=\"elementor-heading-title elementor-size-default\">Legal notices<\/h2>\t\t\t\t<\/div>\n\t\t\t\t<\/div>\n\t\t\t\t<\/div>\n\t\t<div class=\"elementor-element elementor-element-a5b0b5b e-con-full e-flex e-con e-child\" data-id=\"a5b0b5b\" data-element_type=\"container\" data-e-type=\"container\">\n\t\t\t\t<div class=\"elementor-element elementor-element-07a6fb9 elementor-widget elementor-widget-text-editor\" data-id=\"07a6fb9\" data-element_type=\"widget\" data-e-type=\"widget\" data-widget_type=\"text-editor.default\">\n\t\t\t\t<div class=\"elementor-widget-container\">\n\t\t\t\t\t\t\t\t\t<p>Legal notices applicable on the online sales site igranecosmetics.com.<\/p>\n\t\t\t\t\t\t\t\t<\/div>\n\t\t\t\t<\/div>\n\t\t\t\t<\/div>\n\t\t\t\t\t<\/div>\n\t\t\t\t<\/div>\n\t\t<div class=\"elementor-element elementor-element-71eb9c2 e-flex e-con-boxed e-con e-parent\" data-id=\"71eb9c2\" data-element_type=\"container\" data-e-type=\"container\">\n\t\t\t\t\t<div class=\"e-con-inner\">\n\t\t\t\t<div class=\"elementor-element elementor-element-f416fdc elementor-widget elementor-widget-text-editor\" data-id=\"f416fdc\" data-element_type=\"widget\" data-e-type=\"widget\" data-widget_type=\"text-editor.default\">\n\t\t\t\t<div class=\"elementor-widget-container\">\n\t\t\t\t\t\t\t\t\t<p>The igranecosmetics.com website is a merchant site presenting the products of the Igrane Cosmetics brand, Terre Berb\u00e8re. By accessing this site, you accept these General Conditions of Use.<\/p>\n\t\t\t\t\t\t\t\t<\/div>\n\t\t\t\t<\/div>\n\t\t\t\t<div class=\"elementor-element elementor-element-e8c248d elementor-widget elementor-widget-heading\" data-id=\"e8c248d\" data-element_type=\"widget\" data-e-type=\"widget\" data-widget_type=\"heading.default\">\n\t\t\t\t<div class=\"elementor-widget-container\">\n\t\t\t\t\t<h2 class=\"elementor-heading-title elementor-size-default\">PR\u00c9SENTATION DU SITE :<\/h2>\t\t\t\t<\/div>\n\t\t\t\t<\/div>\n\t\t\t\t<div class=\"elementor-element elementor-element-b69ab35 elementor-widget elementor-widget-text-editor\" data-id=\"b69ab35\" data-element_type=\"widget\" data-e-type=\"widget\" data-widget_type=\"text-editor.default\">\n\t\t\t\t<div class=\"elementor-widget-container\">\n\t\t\t\t\t\t\t\t\t<p>The site is the property of Terre Berb\u00e8re, owner of the Igrane Cosmetics brand, registered in the Strasbourg Trade and Companies Register B 884 123 951 and whose head office is located at:<\/p>\n<p>Terre Berb\u00e8re SAS<br \/>\nIgrane Cosmetics<br \/>\n8 Rue Cerf Berr<br \/>\n67200 Strasbourg<br \/>\nFrance<\/p>\n<p>Intracommunity VAT number: FR82884123951<\/p>\n<p>The publication director is Mr. David Rosemberg in his capacity as MARKETING DIRECTOR<\/p>\n\t\t\t\t\t\t\t\t<\/div>\n\t\t\t\t<\/div>\n\t\t\t\t<div class=\"elementor-element elementor-element-382c82c elementor-widget elementor-widget-heading\" data-id=\"382c82c\" data-element_type=\"widget\" data-e-type=\"widget\" data-widget_type=\"heading.default\">\n\t\t\t\t<div class=\"elementor-widget-container\">\n\t\t\t\t\t<h2 class=\"elementor-heading-title elementor-size-default\">DESIGN, CREATION, PRODUCTION AND HOSTING OF THE WEBSITE:<\/h2>\t\t\t\t<\/div>\n\t\t\t\t<\/div>\n\t\t\t\t<div class=\"elementor-element elementor-element-438ccb9 elementor-widget elementor-widget-text-editor\" data-id=\"438ccb9\" data-element_type=\"widget\" data-e-type=\"widget\" data-widget_type=\"text-editor.default\">\n\t\t\t\t<div class=\"elementor-widget-container\">\n\t\t\t\t\t\t\t\t\t<p>SAS TERRE BERBERE<\/p>\n<p>With capital of \u20ac2,000<\/p>\n<p>Whose registered office is at 8, rue du cerf 67200 STRASBOURG \u2013 France<\/p>\n<p>Registered with the RCS: 884123951 R.C.S Strasbourg<\/p>\n<p>Telephone: 00 33 (0) 6 84 50 96 10<\/p>\n<p>Email: sophie@maison-igrane.com<\/p>\n<p>VAT: FR82884123951<\/p>\n\t\t\t\t\t\t\t\t<\/div>\n\t\t\t\t<\/div>\n\t\t\t\t<div class=\"elementor-element elementor-element-a667f3c elementor-widget elementor-widget-heading\" data-id=\"a667f3c\" data-element_type=\"widget\" data-e-type=\"widget\" data-widget_type=\"heading.default\">\n\t\t\t\t<div class=\"elementor-widget-container\">\n\t\t\t\t\t<h2 class=\"elementor-heading-title elementor-size-default\">SITE DESIGN <\/h2>\t\t\t\t<\/div>\n\t\t\t\t<\/div>\n\t\t\t\t<div class=\"elementor-element elementor-element-ebb598c elementor-widget elementor-widget-text-editor\" data-id=\"ebb598c\" data-element_type=\"widget\" data-e-type=\"widget\" data-widget_type=\"text-editor.default\">\n\t\t\t\t<div class=\"elementor-widget-container\">\n\t\t\t\t\t\t\t\t\t<p><a href=\"https:\/\/www.instagram.com\/_psol_d_a_\/\" target=\"_blank\" rel=\"noopener\">Pauline Soler<\/a><br \/>\nFrance<\/p>\n\t\t\t\t\t\t\t\t<\/div>\n\t\t\t\t<\/div>\n\t\t\t\t<div class=\"elementor-element elementor-element-163aff7 elementor-widget elementor-widget-heading\" data-id=\"163aff7\" data-element_type=\"widget\" data-e-type=\"widget\" data-widget_type=\"heading.default\">\n\t\t\t\t<div class=\"elementor-widget-container\">\n\t\t\t\t\t<h2 class=\"elementor-heading-title elementor-size-default\">PRODUCTION AND development:<\/h2>\t\t\t\t<\/div>\n\t\t\t\t<\/div>\n\t\t\t\t<div class=\"elementor-element elementor-element-56a7c73 elementor-widget elementor-widget-text-editor\" data-id=\"56a7c73\" data-element_type=\"widget\" data-e-type=\"widget\" data-widget_type=\"text-editor.default\">\n\t\t\t\t<div class=\"elementor-widget-container\">\n\t\t\t\t\t\t\t\t\t<p><a href=\"https:\/\/carre.agency\/\" target=\"_blank\" rel=\"noopener\">Carre agency<\/a><br \/>\nMarrakech , Morocco<\/p>\n\t\t\t\t\t\t\t\t<\/div>\n\t\t\t\t<\/div>\n\t\t\t\t<div class=\"elementor-element elementor-element-fc776cc elementor-widget elementor-widget-text-editor\" data-id=\"fc776cc\" data-element_type=\"widget\" data-e-type=\"widget\" data-widget_type=\"text-editor.default\">\n\t\t\t\t<div class=\"elementor-widget-container\">\n\t\t\t\t\t\t\t\t\t<p>Les Vikings Group<br \/>\n31 Cours Emile Zola<br \/>\n69100 Lyon<br \/>\nWeb: https:\/\/www.les-vikings.fr\/<\/p>\n\t\t\t\t\t\t\t\t<\/div>\n\t\t\t\t<\/div>\n\t\t\t\t<div class=\"elementor-element elementor-element-0402ce2 elementor-widget elementor-widget-heading\" data-id=\"0402ce2\" data-element_type=\"widget\" data-e-type=\"widget\" data-widget_type=\"heading.default\">\n\t\t\t\t<div class=\"elementor-widget-container\">\n\t\t\t\t\t<h2 class=\"elementor-heading-title elementor-size-default\">ACCOMMODATION:<\/h2>\t\t\t\t<\/div>\n\t\t\t\t<\/div>\n\t\t\t\t<div class=\"elementor-element elementor-element-c17353c elementor-widget elementor-widget-heading\" data-id=\"c17353c\" data-element_type=\"widget\" data-e-type=\"widget\" data-widget_type=\"heading.default\">\n\t\t\t\t<div class=\"elementor-widget-container\">\n\t\t\t\t\t<h2 class=\"elementor-heading-title elementor-size-default\">RESPECT FOR PROPERTY RIGHTS AND TRADEMARKS:<\/h2>\t\t\t\t<\/div>\n\t\t\t\t<\/div>\n\t\t\t\t<div class=\"elementor-element elementor-element-fa3c01f elementor-widget elementor-widget-text-editor\" data-id=\"fa3c01f\" data-element_type=\"widget\" data-e-type=\"widget\" data-widget_type=\"text-editor.default\">\n\t\t\t\t<div class=\"elementor-widget-container\">\n\t\t\t\t\t\t\t\t\t<p>All the elements that you see or read on the site as well as the site itself are protected by copyright legislation.<br \/>\nYou may not use, distribute, copy, reproduce, modify, distort or transmit the site or elements of the site such as texts or images, without the prior written permission of Igrane Cosmetics.<br \/>\nThe brands and logos appearing on the site are the property of Terre Berb\u00e8re or are subject to authorization for use.<br \/>\nNo right or license may be attributed to any of these elements without the written authorization of Terre Berb\u00e8re or the third party, holder of the rights to the brand or logo appearing on the site. Igrane Cosmetics\/Terre Berb\u00e8re reserves the right to pursue any action for infringement of its intellectual property rights, including in the context of criminal proceedings.<\/p>\n\t\t\t\t\t\t\t\t<\/div>\n\t\t\t\t<\/div>\n\t\t\t\t<div class=\"elementor-element elementor-element-baeaa17 elementor-widget elementor-widget-heading\" data-id=\"baeaa17\" data-element_type=\"widget\" data-e-type=\"widget\" data-widget_type=\"heading.default\">\n\t\t\t\t<div class=\"elementor-widget-container\">\n\t\t\t\t\t<h2 class=\"elementor-heading-title elementor-size-default\">GENERAL WARNING:<\/h2>\t\t\t\t<\/div>\n\t\t\t\t<\/div>\n\t\t\t\t<div class=\"elementor-element elementor-element-471fe8a elementor-widget elementor-widget-text-editor\" data-id=\"471fe8a\" data-element_type=\"widget\" data-e-type=\"widget\" data-widget_type=\"text-editor.default\">\n\t\t\t\t<div class=\"elementor-widget-container\">\n\t\t\t\t\t\t\t\t\t<p>Terre Berb\u00e8re cannot be held responsible for any damage that may result from access to or use of the site, including any deterioration or viruses that may infect your computer equipment or any other property.<br \/>\nAlthough Terre Berb\u00e8re makes reasonable efforts to update the accurate information published on the site, Igrane Cosmetics cannot be held responsible for any errors or omissions.<\/p>\n\t\t\t\t\t\t\t\t<\/div>\n\t\t\t\t<\/div>\n\t\t\t\t<div class=\"elementor-element elementor-element-13e9797 elementor-widget elementor-widget-heading\" data-id=\"13e9797\" data-element_type=\"widget\" data-e-type=\"widget\" data-widget_type=\"heading.default\">\n\t\t\t\t<div class=\"elementor-widget-container\">\n\t\t\t\t\t<h2 class=\"elementor-heading-title elementor-size-default\">EXCLUSION OF LIABILITY AND INDEMNIFICATION:<\/h2>\t\t\t\t<\/div>\n\t\t\t\t<\/div>\n\t\t\t\t<div class=\"elementor-element elementor-element-89f919b elementor-widget elementor-widget-text-editor\" data-id=\"89f919b\" data-element_type=\"widget\" data-e-type=\"widget\" data-widget_type=\"text-editor.default\">\n\t\t\t\t<div class=\"elementor-widget-container\">\n\t\t\t\t\t\t\t\t\t<p>Igrane Cosmetics\/terre berb\u00e8re or any other party involved in relation to the site cannot be held responsible for any direct, indirect or other damages that may result from access to or use of the site or the information contained therein.<\/p>\n\t\t\t\t\t\t\t\t<\/div>\n\t\t\t\t<\/div>\n\t\t\t\t<div class=\"elementor-element elementor-element-3baba34 elementor-widget elementor-widget-heading\" data-id=\"3baba34\" data-element_type=\"widget\" data-e-type=\"widget\" data-widget_type=\"heading.default\">\n\t\t\t\t<div class=\"elementor-widget-container\">\n\t\t\t\t\t<h2 class=\"elementor-heading-title elementor-size-default\">LINKS TO OTHER SITES:<\/h2>\t\t\t\t<\/div>\n\t\t\t\t<\/div>\n\t\t\t\t<div class=\"elementor-element elementor-element-ece44cb elementor-widget elementor-widget-text-editor\" data-id=\"ece44cb\" data-element_type=\"widget\" data-e-type=\"widget\" data-widget_type=\"text-editor.default\">\n\t\t\t\t<div class=\"elementor-widget-container\">\n\t\t\t\t\t\t\t\t\t<p>The pages of this website may contain links to other sites or references to other sites.<br \/>\nLinks to other sites are provided solely for the convenience of the user of this website.<\/p>\n\t\t\t\t\t\t\t\t<\/div>\n\t\t\t\t<\/div>\n\t\t\t\t<div class=\"elementor-element elementor-element-cc181bd elementor-widget elementor-widget-heading\" data-id=\"cc181bd\" data-element_type=\"widget\" data-e-type=\"widget\" data-widget_type=\"heading.default\">\n\t\t\t\t<div class=\"elementor-widget-container\">\n\t\t\t\t\t<h2 class=\"elementor-heading-title elementor-size-default\">RESPECT FOR IMAGES:<\/h2>\t\t\t\t<\/div>\n\t\t\t\t<\/div>\n\t\t\t\t<div class=\"elementor-element elementor-element-ff0c7c1 elementor-widget elementor-widget-text-editor\" data-id=\"ff0c7c1\" data-element_type=\"widget\" data-e-type=\"widget\" data-widget_type=\"text-editor.default\">\n\t\t\t\t<div class=\"elementor-widget-container\">\n\t\t\t\t\t\t\t\t\t<p>The images or photographs of people or places appearing on the site are the property of Terre berb\u00e8re with the agreement of the rights holders.<br \/>\nThe use of these images or photographs is prohibited without specific written authorization from Igrane Cosmetics.<br \/>\nAny unauthorized use may result in a violation of copyright, image rights, personal rights or any other regulations applicable to communications or advertising.<\/p>\n\t\t\t\t\t\t\t\t<\/div>\n\t\t\t\t<\/div>\n\t\t\t\t<div class=\"elementor-element elementor-element-100793a elementor-widget elementor-widget-heading\" data-id=\"100793a\" data-element_type=\"widget\" data-e-type=\"widget\" data-widget_type=\"heading.default\">\n\t\t\t\t<div class=\"elementor-widget-container\">\n\t\t\t\t\t<h2 class=\"elementor-heading-title elementor-size-default\">USE OF IP ADDRESSES:<\/h2>\t\t\t\t<\/div>\n\t\t\t\t<\/div>\n\t\t\t\t<div class=\"elementor-element elementor-element-60045fb elementor-widget elementor-widget-text-editor\" data-id=\"60045fb\" data-element_type=\"widget\" data-e-type=\"widget\" data-widget_type=\"text-editor.default\">\n\t\t\t\t<div class=\"elementor-widget-container\">\n\t\t\t\t\t\t\t\t\t<p>An IP address is a number that is automatically assigned to your computer by your Internet Service Provider when you browse the web.<br \/>\nWhen you visit pages on our site, our servers record your IP address.<br \/>\nIgrane Cosmetics collects IP addresses to manage its own computer system and to analyze the use of its site.<br \/>\nWe do not link IP addresses to any personal information, which means that your visits are recorded but you remain anonymous to us.<\/p>\n\t\t\t\t\t\t\t\t<\/div>\n\t\t\t\t<\/div>\n\t\t\t\t<div class=\"elementor-element elementor-element-2b22b42 elementor-widget elementor-widget-heading\" data-id=\"2b22b42\" data-element_type=\"widget\" data-e-type=\"widget\" data-widget_type=\"heading.default\">\n\t\t\t\t<div class=\"elementor-widget-container\">\n\t\t\t\t\t<h2 class=\"elementor-heading-title elementor-size-default\">PROTECTION OF PERSONAL DATA:<\/h2>\t\t\t\t<\/div>\n\t\t\t\t<\/div>\n\t\t\t\t<div class=\"elementor-element elementor-element-b891ac3 elementor-widget elementor-widget-text-editor\" data-id=\"b891ac3\" data-element_type=\"widget\" data-e-type=\"widget\" data-widget_type=\"text-editor.default\">\n\t\t\t\t<div class=\"elementor-widget-container\">\n\t\t\t\t\t\t\t\t\t<p>In accordance with Article 27 of the Data Protection Act of 6 January 1978, the information essential to the processing and execution of requests is indicated by an asterisk.<br \/>\nThe other information requested, for which the response is optional, is intended to better understand users and thus improve the services offered to them.<br \/>\nIn accordance with Article 27 of the Data Protection Act of 6 January 1978, users have the right to access, rectify and delete data concerning them.<\/p>\n\t\t\t\t\t\t\t\t<\/div>\n\t\t\t\t<\/div>\n\t\t\t\t<div class=\"elementor-element elementor-element-b420821 elementor-widget elementor-widget-heading\" data-id=\"b420821\" data-element_type=\"widget\" data-e-type=\"widget\" data-widget_type=\"heading.default\">\n\t\t\t\t<div class=\"elementor-widget-container\">\n\t\t\t\t\t<h2 class=\"elementor-heading-title elementor-size-default\">TO EXERCISE IT, CONTACT:<\/h2>\t\t\t\t<\/div>\n\t\t\t\t<\/div>\n\t\t\t\t<div class=\"elementor-element elementor-element-5629017 elementor-widget elementor-widget-text-editor\" data-id=\"5629017\" data-element_type=\"widget\" data-e-type=\"widget\" data-widget_type=\"text-editor.default\">\n\t\t\t\t<div class=\"elementor-widget-container\">\n\t\t\t\t\t\t\t\t\t<p>Terre Berb\u00e8re SAS<br \/>\nIgrane Cosmetics France<br \/>\n8 Rue Cerf Berr<br \/>\n67200 Strasbourg<br \/>\nFrance<\/p>\n\t\t\t\t\t\t\t\t<\/div>\n\t\t\t\t<\/div>\n\t\t\t\t\t<\/div>\n\t\t\t\t<\/div>\n\t\t\t\t<\/div>\n\t\t","protected":false},"excerpt":{"rendered":"<p>Legal notices Legal notices applicable on the online sales site www.igranecosmetics.com. The igranecosmetics.com website is a merchant site presenting the products of the Igrane Cosmetics brand, Terre Berb\u00e8re. By accessing this site, you accept these General Conditions of Use. PR\u00c9SENTATION DU SITE : The site is the property of Terre Berb\u00e8re, owner of the Igrane [&hellip;]<\/p>\n","protected":false},"author":1,"featured_media":0,"parent":0,"menu_order":0,"comment_status":"closed","ping_status":"closed","template":"","meta":{"_acf_changed":false,"footnotes":""},"class_list":["post-8645","page","type-page","status-publish","hentry"],"acf":[],"_links":{"self":[{"href":"https:\/\/www.igranecosmetics.com\/en\/wp-json\/wp\/v2\/pages\/8645","targetHints":{"allow":["GET"]}}],"collection":[{"href":"https:\/\/www.igranecosmetics.com\/en\/wp-json\/wp\/v2\/pages"}],"about":[{"href":"https:\/\/www.igranecosmetics.com\/en\/wp-json\/wp\/v2\/types\/page"}],"author":[{"embeddable":true,"href":"https:\/\/www.igranecosmetics.com\/en\/wp-json\/wp\/v2\/users\/1"}],"replies":[{"embeddable":true,"href":"https:\/\/www.igranecosmetics.com\/en\/wp-json\/wp\/v2\/comments?post=8645"}],"version-history":[{"count":6,"href":"https:\/\/www.igranecosmetics.com\/en\/wp-json\/wp\/v2\/pages\/8645\/revisions"}],"predecessor-version":[{"id":8935,"href":"https:\/\/www.igranecosmetics.com\/en\/wp-json\/wp\/v2\/pages\/8645\/revisions\/8935"}],"wp:attachment":[{"href":"https:\/\/www.igranecosmetics.com\/en\/wp-json\/wp\/v2\/media?parent=8645"}],"curies":[{"name":"wp","href":"https:\/\/api.w.org\/{rel}","templated":true}]}}